{"id":8,"date":"2025-11-24T17:52:43","date_gmt":"2025-11-24T17:52:43","guid":{"rendered":"https:\/\/uraqidesign.cl\/?page_id=8"},"modified":"2025-11-27T16:12:56","modified_gmt":"2025-11-27T16:12:56","slug":"elementor-8","status":"publish","type":"page","link":"https:\/\/uraqidesign.cl\/","title":{"rendered":"Elementor #8"},"content":{"rendered":"\t\t<div data-elementor-type=\"wp-post\" data-elementor-id=\"8\" class=\"elementor elementor-8\">\n\t\t\t\t<div class=\"elementor-element elementor-element-be07c31 e-flex e-con-boxed e-con e-parent\" data-id=\"be07c31\" data-element_type=\"container\">\n\t\t\t\t\t<div class=\"e-con-inner\">\n\t\t\t\t<div class=\"elementor-element elementor-element-663ee4b elementor-widget elementor-widget-text-editor\" data-id=\"663ee4b\" data-element_type=\"widget\" data-widget_type=\"text-editor.default\">\n\t\t\t\t\t\t\t\t\t<p>Nos dedicamos a la comercializaci\u00f3n de mobiliario para espacios corporativos, ofreciendo soluciones fabricadas tanto en el mercado nacional como internacional. Contamos con alianzas estrat\u00e9gicas con fabricantes de mobiliario t\u00e9cnico y distribuidores de otros elementos que responden a las tendencias globales en dise\u00f1o y ergonom\u00eda.<\/p>\t\t\t\t\t\t\t\t<\/div>\n\t\t\t\t\t<\/div>\n\t\t\t\t<\/div>\n\t\t<div class=\"elementor-element elementor-element-33dbe61 e-flex e-con-boxed e-con e-parent\" data-id=\"33dbe61\" data-element_type=\"container\">\n\t\t\t\t\t<div class=\"e-con-inner\">\n\t\t\t\t<div class=\"elementor-element elementor-element-b2f1c74 elementor-widget__width-initial elementor-widget elementor-widget-image\" data-id=\"b2f1c74\" data-element_type=\"widget\" data-widget_type=\"image.default\">\n\t\t\t\t\t\t\t\t\t\t\t\t\t\t\t<img decoding=\"async\" src=\"https:\/\/uraqidesign.cl\/wp-content\/uploads\/elementor\/thumbs\/PXvfF4-rf6svbi1j4d1h4rwr2fhs7vz4u6jht0w1d66kmeeg0.png\" title=\"PXvfF4\" alt=\"PXvfF4\" loading=\"lazy\" \/>\t\t\t\t\t\t\t\t\t\t\t\t\t\t\t<\/div>\n\t\t\t\t<div class=\"elementor-element elementor-element-4a5e75d elementor-widget__width-initial elementor-widget elementor-widget-image\" data-id=\"4a5e75d\" data-element_type=\"widget\" data-widget_type=\"image.default\">\n\t\t\t\t\t\t\t\t\t\t\t\t\t\t\t<img decoding=\"async\" src=\"https:\/\/uraqidesign.cl\/wp-content\/uploads\/elementor\/thumbs\/wiJT4d-rf6swuyb3dk2sb4vpvi8q02b34odw3kavv3g7oh49i.png\" title=\"wiJT4d\" alt=\"wiJT4d\" loading=\"lazy\" \/>\t\t\t\t\t\t\t\t\t\t\t\t\t\t\t<\/div>\n\t\t\t\t\t<\/div>\n\t\t\t\t<\/div>\n\t\t<div class=\"elementor-element elementor-element-e7ff884 e-flex e-con-boxed e-con e-parent\" data-id=\"e7ff884\" data-element_type=\"container\">\n\t\t\t\t\t<div class=\"e-con-inner\">\n\t\t<div class=\"elementor-element elementor-element-0a150be e-con-full e-flex e-con e-child\" data-id=\"0a150be\" data-element_type=\"container\">\n\t\t\t\t<div class=\"elementor-element elementor-element-72929f7 elementor-widget__width-initial elementor-widget elementor-widget-image\" data-id=\"72929f7\" data-element_type=\"widget\" data-widget_type=\"image.default\">\n\t\t\t\t\t\t\t\t\t\t\t\t\t\t\t<img fetchpriority=\"high\" decoding=\"async\" width=\"539\" height=\"288\" src=\"https:\/\/uraqidesign.cl\/wp-content\/uploads\/2025\/11\/0T8aVm.png\" class=\"attachment-full size-full wp-image-46\" alt=\"\" srcset=\"https:\/\/uraqidesign.cl\/wp-content\/uploads\/2025\/11\/0T8aVm.png 539w, https:\/\/uraqidesign.cl\/wp-content\/uploads\/2025\/11\/0T8aVm-300x160.png 300w\" sizes=\"(max-width: 539px) 100vw, 539px\" \/>\t\t\t\t\t\t\t\t\t\t\t\t\t\t\t<\/div>\n\t\t\t\t<div class=\"elementor-element elementor-element-d4cf8b0 elementor-widget elementor-widget-image\" data-id=\"d4cf8b0\" data-element_type=\"widget\" data-widget_type=\"image.default\">\n\t\t\t\t\t\t\t\t\t\t\t\t\t\t\t<img decoding=\"async\" width=\"648\" height=\"648\" src=\"https:\/\/uraqidesign.cl\/wp-content\/uploads\/2025\/11\/fT01OB.png\" class=\"attachment-large size-large wp-image-47\" alt=\"\" srcset=\"https:\/\/uraqidesign.cl\/wp-content\/uploads\/2025\/11\/fT01OB.png 648w, https:\/\/uraqidesign.cl\/wp-content\/uploads\/2025\/11\/fT01OB-300x300.png 300w, https:\/\/uraqidesign.cl\/wp-content\/uploads\/2025\/11\/fT01OB-150x150.png 150w\" sizes=\"(max-width: 648px) 100vw, 648px\" \/>\t\t\t\t\t\t\t\t\t\t\t\t\t\t\t<\/div>\n\t\t\t\t<\/div>\n\t\t<div class=\"elementor-element elementor-element-34e8671 e-con-full e-flex e-con e-child\" data-id=\"34e8671\" data-element_type=\"container\">\n\t\t\t\t<div class=\"elementor-element elementor-element-e46602a elementor-widget__width-initial elementor-widget elementor-widget-image\" data-id=\"e46602a\" data-element_type=\"widget\" data-widget_type=\"image.default\">\n\t\t\t\t\t\t\t\t\t\t\t\t\t\t\t<img decoding=\"async\" width=\"903\" height=\"450\" src=\"https:\/\/uraqidesign.cl\/wp-content\/uploads\/2025\/11\/tSGFyX.png\" class=\"attachment-full size-full wp-image-48\" alt=\"\" srcset=\"https:\/\/uraqidesign.cl\/wp-content\/uploads\/2025\/11\/tSGFyX.png 903w, https:\/\/uraqidesign.cl\/wp-content\/uploads\/2025\/11\/tSGFyX-300x150.png 300w, https:\/\/uraqidesign.cl\/wp-content\/uploads\/2025\/11\/tSGFyX-768x383.png 768w\" sizes=\"(max-width: 903px) 100vw, 903px\" \/>\t\t\t\t\t\t\t\t\t\t\t\t\t\t\t<\/div>\n\t\t<div class=\"elementor-element elementor-element-e2b50ff e-con-full e-flex e-con e-child\" data-id=\"e2b50ff\" data-element_type=\"container\">\n\t\t\t\t<div class=\"elementor-element elementor-element-d2c3078 elementor-widget__width-initial elementor-widget elementor-widget-image\" data-id=\"d2c3078\" data-element_type=\"widget\" data-widget_type=\"image.default\">\n\t\t\t\t\t\t\t\t\t\t\t\t\t\t\t<img decoding=\"async\" src=\"https:\/\/uraqidesign.cl\/wp-content\/uploads\/2025\/11\/Gm4t9I.png\" title=\"Gm4t9I\" alt=\"Gm4t9I\" loading=\"lazy\" \/>\t\t\t\t\t\t\t\t\t\t\t\t\t\t\t<\/div>\n\t\t\t\t<div class=\"elementor-element elementor-element-f4d2803 elementor-widget__width-initial elementor-widget elementor-widget-image\" data-id=\"f4d2803\" data-element_type=\"widget\" data-widget_type=\"image.default\">\n\t\t\t\t\t\t\t\t\t\t\t\t\t\t\t<img decoding=\"async\" src=\"https:\/\/uraqidesign.cl\/wp-content\/uploads\/2025\/11\/0uVAJW.png\" title=\"0uVAJW\" alt=\"0uVAJW\" loading=\"lazy\" \/>\t\t\t\t\t\t\t\t\t\t\t\t\t\t\t<\/div>\n\t\t\t\t<\/div>\n\t\t<div class=\"elementor-element elementor-element-2870c73 e-con-full e-flex e-con e-child\" data-id=\"2870c73\" data-element_type=\"container\">\n\t\t\t\t<div class=\"elementor-element elementor-element-0150f00 elementor-widget__width-initial elementor-widget elementor-widget-image\" data-id=\"0150f00\" data-element_type=\"widget\" data-widget_type=\"image.default\">\n\t\t\t\t\t\t\t\t\t\t\t\t\t\t\t<img loading=\"lazy\" decoding=\"async\" width=\"965\" height=\"354\" src=\"https:\/\/uraqidesign.cl\/wp-content\/uploads\/2025\/11\/wiJT4e.png\" class=\"attachment-full size-full wp-image-103\" alt=\"\" srcset=\"https:\/\/uraqidesign.cl\/wp-content\/uploads\/2025\/11\/wiJT4e.png 965w, https:\/\/uraqidesign.cl\/wp-content\/uploads\/2025\/11\/wiJT4e-300x110.png 300w, https:\/\/uraqidesign.cl\/wp-content\/uploads\/2025\/11\/wiJT4e-768x282.png 768w\" sizes=\"(max-width: 965px) 100vw, 965px\" \/>\t\t\t\t\t\t\t\t\t\t\t\t\t\t\t<\/div>\n\t\t\t\t<\/div>\n\t\t\t\t<\/div>\n\t\t\t\t\t<\/div>\n\t\t\t\t<\/div>\n\t\t<div class=\"elementor-element elementor-element-39b936e e-flex e-con-boxed e-con e-parent\" data-id=\"39b936e\" data-element_type=\"container\">\n\t\t\t\t\t<div class=\"e-con-inner\">\n\t\t\t\t<div class=\"elementor-element elementor-element-dc2a4cb elementor-widget elementor-widget-text-editor\" data-id=\"dc2a4cb\" data-element_type=\"widget\" data-widget_type=\"text-editor.default\">\n\t\t\t\t\t\t\t\t\t<p>Convertimos tus ideas en realidad<\/p>\t\t\t\t\t\t\t\t<\/div>\n\t\t\t\t\t<\/div>\n\t\t\t\t<\/div>\n\t\t<div class=\"elementor-element elementor-element-4aeebbc e-flex e-con-boxed e-con e-parent\" data-id=\"4aeebbc\" data-element_type=\"container\">\n\t\t\t\t\t<div class=\"e-con-inner\">\n\t\t\t\t<div class=\"elementor-element elementor-element-7969910 elementor-widget__width-initial elementor-widget elementor-widget-image\" data-id=\"7969910\" data-element_type=\"widget\" data-widget_type=\"image.default\">\n\t\t\t\t\t\t\t\t\t\t\t\t\t\t\t<img loading=\"lazy\" decoding=\"async\" width=\"1743\" height=\"565\" src=\"https:\/\/uraqidesign.cl\/wp-content\/uploads\/2025\/11\/sala-reuniones2.png\" class=\"attachment-full size-full wp-image-108\" alt=\"\" srcset=\"https:\/\/uraqidesign.cl\/wp-content\/uploads\/2025\/11\/sala-reuniones2.png 1743w, https:\/\/uraqidesign.cl\/wp-content\/uploads\/2025\/11\/sala-reuniones2-300x97.png 300w, https:\/\/uraqidesign.cl\/wp-content\/uploads\/2025\/11\/sala-reuniones2-1024x332.png 1024w, https:\/\/uraqidesign.cl\/wp-content\/uploads\/2025\/11\/sala-reuniones2-768x249.png 768w, https:\/\/uraqidesign.cl\/wp-content\/uploads\/2025\/11\/sala-reuniones2-1536x498.png 1536w\" sizes=\"(max-width: 1743px) 100vw, 1743px\" \/>\t\t\t\t\t\t\t\t\t\t\t\t\t\t\t<\/div>\n\t\t\t\t\t<\/div>\n\t\t\t\t<\/div>\n\t\t\t\t<\/div>\n\t\t","protected":false},"excerpt":{"rendered":"<p>Nos dedicamos a la comercializaci\u00f3n de mobiliario para espacios corporativos, ofreciendo soluciones fabricadas tanto en el mercado nacional como internacional. Contamos con alianzas estrat\u00e9gicas con fabricantes de mobiliario t\u00e9cnico y distribuidores de otros elementos que responden a las tendencias globales en dise\u00f1o y ergonom\u00eda. Convertimos tus ideas en realidad<\/p>\n","protected":false},"author":1,"featured_media":0,"parent":0,"menu_order":0,"comment_status":"closed","ping_status":"closed","template":"","meta":{"footnotes":""},"class_list":["post-8","page","type-page","status-publish","hentry"],"_links":{"self":[{"href":"https:\/\/uraqidesign.cl\/index.php\/wp-json\/wp\/v2\/pages\/8","targetHints":{"allow":["GET"]}}],"collection":[{"href":"https:\/\/uraqidesign.cl\/index.php\/wp-json\/wp\/v2\/pages"}],"about":[{"href":"https:\/\/uraqidesign.cl\/index.php\/wp-json\/wp\/v2\/types\/page"}],"author":[{"embeddable":true,"href":"https:\/\/uraqidesign.cl\/index.php\/wp-json\/wp\/v2\/users\/1"}],"replies":[{"embeddable":true,"href":"https:\/\/uraqidesign.cl\/index.php\/wp-json\/wp\/v2\/comments?post=8"}],"version-history":[{"count":49,"href":"https:\/\/uraqidesign.cl\/index.php\/wp-json\/wp\/v2\/pages\/8\/revisions"}],"predecessor-version":[{"id":111,"href":"https:\/\/uraqidesign.cl\/index.php\/wp-json\/wp\/v2\/pages\/8\/revisions\/111"}],"wp:attachment":[{"href":"https:\/\/uraqidesign.cl\/index.php\/wp-json\/wp\/v2\/media?parent=8"}],"curies":[{"name":"wp","href":"https:\/\/api.w.org\/{rel}","templated":true}]}}